{"id":105,"date":"2017-09-11T18:42:52","date_gmt":"2017-09-11T18:42:52","guid":{"rendered":"http:\/\/fulgenciolison.com\/?page_id=105"},"modified":"2017-12-28T21:00:56","modified_gmt":"2017-12-28T20:00:56","slug":"ciencia-popular","status":"publish","type":"page","link":"https:\/\/fulgenciolison.com\/index.php\/publicaciones\/ciencia-popular\/","title":{"rendered":"Ciencia popular"},"content":{"rendered":"<ol class=\"list-inline-collapse item-details\" reversed=\"\">Es muy importante que nuestros resultados cient\u00edficos se den a conocer a la gente especialmente cuando se trabaja con especies amenazadas. Por esta raz\u00f3n, siempre trato de hacer peque\u00f1as notas de prensa para revistas y peri\u00f3dicos locales.<\/ol>\n<ol class=\"list-inline-collapse item-details\" reversed=\"\">\n<li><strong>28\/12\/2017:\u00a0<\/strong>La p\u00e1gina web de <a href=\"http:\/\/www.eurobats.org\">Eurobats<\/a> destaca entre sus recursos para educaci\u00f3n ambiental nuestros cuentos (<a href=\"http:\/\/www.eurobats.org\/publications\/resources\">Link<\/a>).\u00a0<\/li>\n<li><strong>20\/12\/2017:\u00a0<\/strong>La p\u00e1gina web y radio agricultura de Chile destaca en sus informativos nuestro nuevo proyecto financiado por FIA para el control de plagas con murci\u00e9lagos en cultivos org\u00e1nicos (<a href=\"http:\/\/elagro.radioagricultura.cl\/2017\/12\/20\/murcielagos-control-plagas-cultivos\/\">Link<\/a>).\u00a0<\/li>\n<li><strong>19\/12\/2017:\u00a0<\/strong>La p\u00e1gina web de la <a href=\"http:\/\/www.fedefruta.cl\/\">Federaci\u00f3n de Productores de Fruta de Chile<\/a>\u00a0(FEDEFRUTA) destaca nuestro nuevo proyecto financiado por FIA para el control de plagas con murci\u00e9lagos en cultivos org\u00e1nicos (<a href=\"http:\/\/www.fedefruta.cl\/proponen-el-uso-de-murcielagos-insectivoros-para-el-control-de-plagas-en-cultivos-organicos\/\">Link<\/a>).\u00a0<\/li>\n<li><strong>01\/09\/2017:<\/strong> La p\u00e1gina web del <a href=\"https:\/\/www.opia.cl\/601\/\">Observatorio para la Innovaci\u00f3n Agraria, Agroalimentaria y Forestal<\/a> (OPIA) descata nuestro proyecto financiado por FIA para la elaboraci\u00f3n del primer catastro de murci\u00e9lagos de La Araucania (<a href=\"https:\/\/www.opia.cl\/601\/w3-article-83226.html\">Link<\/a>).<\/li>\n<li>\n<p><b>25\/01\/2017<\/b>: Reportaje en el blog &#8220;Los Pies en la Tierra&#8221; del diario La Verdad (<a href=\"http:\/\/lospiesenlatierra.laverdad.es\/blog\/4063-lo-que-dice-el-pelo-de-un-murcielago\" target=\"_blank\" rel=\"nofollow noopener\">Link<\/a>)<\/p>\n<\/li>\n<li>\n<p><b>10\/01\/2017<\/b>: Our new project in Youtube (<a href=\"https:\/\/www.youtube.com\/watch?v=dc90U-tTAOo&amp;index=1&amp;list=LLO34RjeWO-h3EZGVzmQz5nA&amp;t=15s\" target=\"_blank\" rel=\"noopener\">Link<\/a>)<\/p>\n<\/li>\n<li>\n<p><b>22\/09\/2016: <\/b>A interview in Costa C\u00e1lida Nachrichten (<a href=\"http:\/\/www.costanachrichten.com\/costa-blanca-nachrichten\/perfekte-kleine-maschinen\/\" target=\"_blank\" rel=\"nofollow noopener\">Link<\/a>)<\/p>\n<\/li>\n<li>\n<p><b>08\/03\/2016: <\/b>Reportaje para el suplemento &#8220;Nuestra Tierra&#8221; del diario La Verdad. (<a href=\"http:\/\/nuestra-tierra.laverdad.es\/naturaleza\/fauna\/4129-la-vida-secreta-de-los-mamiferos\" target=\"_blank\" rel=\"nofollow noopener\">Link<\/a>)<\/p>\n<\/li>\n<li>\n<p><b>13\/11\/2015<\/b>: Noticia de prensa. (<a href=\"http:\/\/www.diarioinformacion.com\/vega-baja\/2015\/11\/11\/poblaciones-murcielagos-recuperan-ribera-segura\/1695504.html\" target=\"_blank\" rel=\"nofollow noopener\">Link<\/a>)<\/p>\n<\/li>\n<li>\n<p><b>12\/11\/2015: <\/b>Reportaje en el blog &#8220;Los pies en la Tierra&#8221; del periodista ambiental Miguel \u00c1ngel Ruiz. (<a href=\"http:\/\/lospiesenlatierra.laverdad.es\/noticias\/3632-mas-rio-para-los-murcielagos\" target=\"_blank\" rel=\"nofollow noopener\">Link<\/a>)<\/p>\n<\/li>\n<li>\n<p><b>11\/11\/2015<\/b>: Noticia en prensa. (<a href=\"http:\/\/www.i-ambiente.es\/?q=noticias\/la-recuperacion-ambiental-del-riosegura-devuelve-su-habitat-las-especies-amenazadas-de\" target=\"_blank\" rel=\"nofollow noopener\">Link<\/a>)<\/p>\n<\/li>\n<li>\n<p><b>21\/06\/2015: <\/b>Reportaje en el blog &#8220;Los pies en la Tierra&#8221; del periodista ambiental Miguel \u00c1ngel Ruiz. (<a href=\"http:\/\/lospiesenlatierra.laverdad.es\/noticias\/3487-sonria-senora-gineta\" target=\"_blank\" rel=\"nofollow noopener\">Link<\/a>)<\/p>\n<\/li>\n<li>\n<p>El blog ambiental &#8220;El click verde&#8221; se hace eco del libro &#8220;Atlas de los mam\u00edferos de Yecla&#8221;. (<a href=\"http:\/\/elclickverde.com\/blog\/mam%C3%ADferos-de-yecla-todos-en-un-atlas\" target=\"_blank\" rel=\"nofollow noopener\">Link<\/a>)<\/p>\n<\/li>\n<li>\n<p><b>25\/05\/2015: <\/b>Reportaje en el blog &#8220;Los pies en la Tierra&#8221; del periodista ambiental Miguel \u00c1ngel Ruiz. (<a href=\"http:\/\/lospiesenlatierra.laverdad.es\/blog\/3455-cuando-la-red-natura-no-basta\" target=\"_blank\" rel=\"nofollow noopener\">Link<\/a>)<\/p>\n<\/li>\n<li>\n<p><b>26\/02\/2013: <\/b>Reportaje para el suplemento &#8220;Nuestra Tierra&#8221; del diario La Verdad. (<a href=\"http:\/\/nuestra-tierra.laverdad.es\/naturaleza\/fauna\/3024-los-murcielagoscadavez-mas-arrinconados\" target=\"_blank\" rel=\"nofollow noopener\">Link<\/a>)<\/p>\n<\/li>\n<li>\n<p><b>25\/03\/2013: <\/b>Reportaje en el blog &#8220;Los pies en la Tierra&#8221; del periodista ambiental Miguel \u00c1ngel Ruiz. (<a href=\"http:\/\/lospiesenlatierra.laverdad.es\/blog\/2612-por-que-necesitamos-a-los-murcielagos\" target=\"_blank\" rel=\"nofollow noopener\">Link<\/a>)<\/p>\n<\/li>\n<li>\n<p><b>03\/08\/2011: <\/b>Reportaje en el blog &#8220;Los pies en la Tierra&#8221; del periodista ambiental Miguel \u00c1ngel Ruiz. (<a href=\"http:\/\/lospiesenlatierra.laverdad.es\/noticias\/2212-malos-tiempos-para-los-vampiros\" target=\"_blank\" rel=\"nofollow noopener\">Link<\/a>)<\/p>\n<\/li>\n<li>\n<p><b>31\/07\/2009: <\/b>Reportaje para el suplemento &#8220;Nuestra Tierra&#8221; del diario La Verdad. (<a href=\"http:\/\/nuestra-tierra.laverdad.es\/naturaleza\/fauna\/1290-aliados-nocturnos-contra-las-plagas\" target=\"_blank\" rel=\"nofollow noopener\">Link<\/a>)<\/p>\n<\/li>\n<\/ol>\n","protected":false},"excerpt":{"rendered":"<p>Es muy importante que nuestros resultados cient\u00edficos se den a conocer a la gente especialmente cuando se trabaja con especies [&hellip;]<\/p>\n","protected":false},"author":1,"featured_media":0,"parent":63,"menu_order":5,"comment_status":"closed","ping_status":"closed","template":"","meta":{"inline_featured_image":false,"footnotes":""},"class_list":["post-105","page","type-page","status-publish","hentry"],"jetpack_sharing_enabled":true,"jetpack_shortlink":"https:\/\/wp.me\/PafGsx-1H","jetpack-related-posts":[],"_links":{"self":[{"href":"https:\/\/fulgenciolison.com\/index.php\/wp-json\/wp\/v2\/pages\/105","targetHints":{"allow":["GET"]}}],"collection":[{"href":"https:\/\/fulgenciolison.com\/index.php\/wp-json\/wp\/v2\/pages"}],"about":[{"href":"https:\/\/fulgenciolison.com\/index.php\/wp-json\/wp\/v2\/types\/page"}],"author":[{"embeddable":true,"href":"https:\/\/fulgenciolison.com\/index.php\/wp-json\/wp\/v2\/users\/1"}],"replies":[{"embeddable":true,"href":"https:\/\/fulgenciolison.com\/index.php\/wp-json\/wp\/v2\/comments?post=105"}],"version-history":[{"count":0,"href":"https:\/\/fulgenciolison.com\/index.php\/wp-json\/wp\/v2\/pages\/105\/revisions"}],"up":[{"embeddable":true,"href":"https:\/\/fulgenciolison.com\/index.php\/wp-json\/wp\/v2\/pages\/63"}],"wp:attachment":[{"href":"https:\/\/fulgenciolison.com\/index.php\/wp-json\/wp\/v2\/media?parent=105"}],"curies":[{"name":"wp","href":"https:\/\/api.w.org\/{rel}","templated":true}]}}