{"id":129,"date":"2017-09-11T22:35:16","date_gmt":"2017-09-11T21:35:16","guid":{"rendered":"http:\/\/fulgenciolison.com\/?page_id=129"},"modified":"2023-08-11T16:28:31","modified_gmt":"2023-08-11T15:28:31","slug":"ebooks","status":"publish","type":"page","link":"https:\/\/fulgenciolison.com\/index.php\/publicaciones\/ebooks\/","title":{"rendered":"eBooks"},"content":{"rendered":"<p>Este proyecto naci\u00f3 hace a\u00f1os, cuando tuve a mi hija, y durante una jornada de divulgaci\u00f3n para los m\u00e1s peque\u00f1os (porque la educaci\u00f3n ambiental, cu\u00e1nto antes, \u00a1mejor!).<\/p>\n<p>Para el fin de aquella jornada (bat night), y como broche final para los ni\u00f1os, despu\u00e9s de varias horas de actividades y aventuras, redact\u00e9 una historia corta sobre un peque\u00f1o murci\u00e9lago llamado Nyc, el cual fue acogido maravillosamente por ellos. Durante mucho tiempo me rond\u00f3 la idea por la cabeza de hacer unos relatos cortos, y difundirlos de forma gratuita para su divulgaci\u00f3n y uso por colegios, organizaciones, voluntariados, o simplemente para que cualquiera se los lea a sus hijos en cualquier momento.<\/p>\n<p>Hoy, esos cuentos se han hecho realidad en forma de libro electr\u00f3nico, con ilustraciones de la maravillosa <strong>Natalia Morillo<\/strong>, la que pod\u00e9is encontrar en <a href=\"https:\/\/www.facebook.com\/nataliamilustracion\/\">facebook <\/a>\u00a0e <a href=\"https:\/\/www.instagram.com\/natnatnart\/\">instagram<\/a>\u00a0y contando con la inestimable ayuda de<strong> Ana Maria Haz Caridad<\/strong> para maquetaci\u00f3n y de <strong>Carmela Lis\u00f3n y Angeles Haz<\/strong> para la traducci\u00f3n al ingl\u00e9s (<strong>Angeles<\/strong> tambi\u00e9n se ha encargado de la traducci\u00f3n al gallego), as\u00ed como <strong>Ll\u00facia Ribot Lacosta <\/strong>y<strong> Pablo Rodr\u00edguez Ros<\/strong> y <strong>Claude Fabienne Rakotondramanana\u00a0<\/strong> para las traducciones en catal\u00e1n y franc\u00e9s respectivamente.<\/p>\n<table class=\"table books\">\n<tbody>\n<tr>\n<th><img data-recalc-dims=\"1\" fetchpriority=\"high\" decoding=\"async\" data-attachment-id=\"305\" data-permalink=\"https:\/\/fulgenciolison.com\/index.php\/publicaciones\/ebooks\/tres-pequenos-murcielagos-es\/\" data-orig-file=\"https:\/\/i0.wp.com\/fulgenciolison.com\/wp-content\/uploads\/2017\/09\/Tres-Peque%C3%B1os-Murci%C3%A9lagos-es.jpg?fit=400%2C300&amp;ssl=1\" data-orig-size=\"400,300\" data-comments-opened=\"1\" data-image-meta=\"{&quot;aperture&quot;:&quot;0&quot;,&quot;credit&quot;:&quot;&quot;,&quot;camera&quot;:&quot;&quot;,&quot;caption&quot;:&quot;&quot;,&quot;created_timestamp&quot;:&quot;0&quot;,&quot;copyright&quot;:&quot;&quot;,&quot;focal_length&quot;:&quot;0&quot;,&quot;iso&quot;:&quot;0&quot;,&quot;shutter_speed&quot;:&quot;0&quot;,&quot;title&quot;:&quot;&quot;,&quot;orientation&quot;:&quot;0&quot;}\" data-image-title=\"Tres-Peque\u00f1os-Murci\u00e9lagos-es\" data-image-description=\"\" data-image-caption=\"\" data-large-file=\"https:\/\/i0.wp.com\/fulgenciolison.com\/wp-content\/uploads\/2017\/09\/Tres-Peque%C3%B1os-Murci%C3%A9lagos-es.jpg?fit=400%2C300&amp;ssl=1\" class=\"alignnone size-medium wp-image-305\" src=\"https:\/\/i0.wp.com\/fulgenciolison.com\/wp-content\/uploads\/2017\/09\/Tres-Peque%C3%B1os-Murci%C3%A9lagos-es-300x225.jpg?resize=300%2C225\" alt=\"\" width=\"300\" height=\"225\" srcset=\"https:\/\/i0.wp.com\/fulgenciolison.com\/wp-content\/uploads\/2017\/09\/Tres-Peque%C3%B1os-Murci%C3%A9lagos-es.jpg?resize=300%2C225&amp;ssl=1 300w, https:\/\/i0.wp.com\/fulgenciolison.com\/wp-content\/uploads\/2017\/09\/Tres-Peque%C3%B1os-Murci%C3%A9lagos-es.jpg?w=400&amp;ssl=1 400w\" sizes=\"(max-width: 300px) 100vw, 300px\" \/><\/th>\n<th><img data-recalc-dims=\"1\" decoding=\"async\" data-attachment-id=\"373\" data-permalink=\"https:\/\/fulgenciolison.com\/index.php\/publicaciones\/ebooks\/tres-pequenos-murcielagos-en\/\" data-orig-file=\"https:\/\/i0.wp.com\/fulgenciolison.com\/wp-content\/uploads\/2017\/09\/Tres-Peque%C3%B1os-Murci%C3%A9lagos-en.jpg?fit=1829%2C1372&amp;ssl=1\" data-orig-size=\"1829,1372\" data-comments-opened=\"1\" data-image-meta=\"{&quot;aperture&quot;:&quot;0&quot;,&quot;credit&quot;:&quot;&quot;,&quot;camera&quot;:&quot;&quot;,&quot;caption&quot;:&quot;&quot;,&quot;created_timestamp&quot;:&quot;0&quot;,&quot;copyright&quot;:&quot;&quot;,&quot;focal_length&quot;:&quot;0&quot;,&quot;iso&quot;:&quot;0&quot;,&quot;shutter_speed&quot;:&quot;0&quot;,&quot;title&quot;:&quot;&quot;,&quot;orientation&quot;:&quot;0&quot;}\" data-image-title=\"Tres-Peque\u00f1os-Murci\u00e9lagos-en\" data-image-description=\"\" data-image-caption=\"\" data-large-file=\"https:\/\/i0.wp.com\/fulgenciolison.com\/wp-content\/uploads\/2017\/09\/Tres-Peque%C3%B1os-Murci%C3%A9lagos-en.jpg?fit=640%2C480&amp;ssl=1\" class=\"alignnone size-medium wp-image-373\" src=\"https:\/\/i0.wp.com\/fulgenciolison.com\/wp-content\/uploads\/2017\/09\/Tres-Peque%C3%B1os-Murci%C3%A9lagos-en-300x225.jpg?resize=300%2C225\" alt=\"\" width=\"300\" height=\"225\" srcset=\"https:\/\/i0.wp.com\/fulgenciolison.com\/wp-content\/uploads\/2017\/09\/Tres-Peque%C3%B1os-Murci%C3%A9lagos-en.jpg?resize=300%2C225&amp;ssl=1 300w, https:\/\/i0.wp.com\/fulgenciolison.com\/wp-content\/uploads\/2017\/09\/Tres-Peque%C3%B1os-Murci%C3%A9lagos-en.jpg?resize=768%2C576&amp;ssl=1 768w, https:\/\/i0.wp.com\/fulgenciolison.com\/wp-content\/uploads\/2017\/09\/Tres-Peque%C3%B1os-Murci%C3%A9lagos-en.jpg?resize=1024%2C768&amp;ssl=1 1024w, https:\/\/i0.wp.com\/fulgenciolison.com\/wp-content\/uploads\/2017\/09\/Tres-Peque%C3%B1os-Murci%C3%A9lagos-en.jpg?w=1829&amp;ssl=1 1829w, https:\/\/i0.wp.com\/fulgenciolison.com\/wp-content\/uploads\/2017\/09\/Tres-Peque%C3%B1os-Murci%C3%A9lagos-en.jpg?w=1280&amp;ssl=1 1280w\" sizes=\"(max-width: 300px) 100vw, 300px\" \/><\/th>\n<th><img data-recalc-dims=\"1\" decoding=\"async\" data-attachment-id=\"303\" data-permalink=\"https:\/\/fulgenciolison.com\/index.php\/publicaciones\/ebooks\/tres-pequenos-murcielagos-cat\/\" data-orig-file=\"https:\/\/i0.wp.com\/fulgenciolison.com\/wp-content\/uploads\/2017\/09\/Tres-Peque%C3%B1os-Murci%C3%A9lagos-cat.jpg?fit=400%2C300&amp;ssl=1\" data-orig-size=\"400,300\" data-comments-opened=\"1\" data-image-meta=\"{&quot;aperture&quot;:&quot;0&quot;,&quot;credit&quot;:&quot;&quot;,&quot;camera&quot;:&quot;&quot;,&quot;caption&quot;:&quot;&quot;,&quot;created_timestamp&quot;:&quot;0&quot;,&quot;copyright&quot;:&quot;&quot;,&quot;focal_length&quot;:&quot;0&quot;,&quot;iso&quot;:&quot;0&quot;,&quot;shutter_speed&quot;:&quot;0&quot;,&quot;title&quot;:&quot;&quot;,&quot;orientation&quot;:&quot;0&quot;}\" data-image-title=\"Tres-Peque\u00f1os-Murci\u00e9lagos-cat\" data-image-description=\"\" data-image-caption=\"\" data-large-file=\"https:\/\/i0.wp.com\/fulgenciolison.com\/wp-content\/uploads\/2017\/09\/Tres-Peque%C3%B1os-Murci%C3%A9lagos-cat.jpg?fit=400%2C300&amp;ssl=1\" class=\"alignnone size-medium wp-image-303\" src=\"https:\/\/i0.wp.com\/fulgenciolison.com\/wp-content\/uploads\/2017\/09\/Tres-Peque%C3%B1os-Murci%C3%A9lagos-cat-300x225.jpg?resize=300%2C225\" alt=\"\" width=\"300\" height=\"225\" srcset=\"https:\/\/i0.wp.com\/fulgenciolison.com\/wp-content\/uploads\/2017\/09\/Tres-Peque%C3%B1os-Murci%C3%A9lagos-cat.jpg?resize=300%2C225&amp;ssl=1 300w, https:\/\/i0.wp.com\/fulgenciolison.com\/wp-content\/uploads\/2017\/09\/Tres-Peque%C3%B1os-Murci%C3%A9lagos-cat.jpg?w=400&amp;ssl=1 400w\" sizes=\"(max-width: 300px) 100vw, 300px\" \/><\/th>\n<\/tr>\n<tr>\n<th><img data-recalc-dims=\"1\" loading=\"lazy\" decoding=\"async\" data-attachment-id=\"378\" data-permalink=\"https:\/\/fulgenciolison.com\/index.php\/publicaciones\/ebooks\/spain\/\" data-orig-file=\"https:\/\/i0.wp.com\/fulgenciolison.com\/wp-content\/uploads\/2017\/09\/Spain.png?fit=24%2C24&amp;ssl=1\" data-orig-size=\"24,24\" data-comments-opened=\"1\" data-image-meta=\"{&quot;aperture&quot;:&quot;0&quot;,&quot;credit&quot;:&quot;&quot;,&quot;camera&quot;:&quot;&quot;,&quot;caption&quot;:&quot;&quot;,&quot;created_timestamp&quot;:&quot;0&quot;,&quot;copyright&quot;:&quot;&quot;,&quot;focal_length&quot;:&quot;0&quot;,&quot;iso&quot;:&quot;0&quot;,&quot;shutter_speed&quot;:&quot;0&quot;,&quot;title&quot;:&quot;&quot;,&quot;orientation&quot;:&quot;0&quot;}\" data-image-title=\"Spain\" data-image-description=\"\" data-image-caption=\"\" data-large-file=\"https:\/\/i0.wp.com\/fulgenciolison.com\/wp-content\/uploads\/2017\/09\/Spain.png?fit=24%2C24&amp;ssl=1\" class=\"alignnone size-full wp-image-378\" src=\"https:\/\/i0.wp.com\/fulgenciolison.com\/wp-content\/uploads\/2017\/09\/Spain.png?resize=24%2C24\" alt=\"\" width=\"24\" height=\"24\" \/> <a href=\"http:\/\/fulgenciolison.com\/wp-content\/uploads\/2017\/09\/Tres-pequenos-murcielagos-ES.pdf\"><em><strong>DESCARGAR<\/strong><\/em><\/a><\/th>\n<th><img data-recalc-dims=\"1\" loading=\"lazy\" decoding=\"async\" data-attachment-id=\"379\" data-permalink=\"https:\/\/fulgenciolison.com\/index.php\/publicaciones\/ebooks\/united-kingdomgreat-britain\/\" data-orig-file=\"https:\/\/i0.wp.com\/fulgenciolison.com\/wp-content\/uploads\/2017\/09\/United-KingdomGreat-Britain.png?fit=24%2C24&amp;ssl=1\" data-orig-size=\"24,24\" data-comments-opened=\"1\" data-image-meta=\"{&quot;aperture&quot;:&quot;0&quot;,&quot;credit&quot;:&quot;&quot;,&quot;camera&quot;:&quot;&quot;,&quot;caption&quot;:&quot;&quot;,&quot;created_timestamp&quot;:&quot;0&quot;,&quot;copyright&quot;:&quot;&quot;,&quot;focal_length&quot;:&quot;0&quot;,&quot;iso&quot;:&quot;0&quot;,&quot;shutter_speed&quot;:&quot;0&quot;,&quot;title&quot;:&quot;&quot;,&quot;orientation&quot;:&quot;0&quot;}\" data-image-title=\"United Kingdom(Great Britain)\" data-image-description=\"\" data-image-caption=\"\" data-large-file=\"https:\/\/i0.wp.com\/fulgenciolison.com\/wp-content\/uploads\/2017\/09\/United-KingdomGreat-Britain.png?fit=24%2C24&amp;ssl=1\" class=\"alignnone size-full wp-image-379\" src=\"https:\/\/i0.wp.com\/fulgenciolison.com\/wp-content\/uploads\/2017\/09\/United-KingdomGreat-Britain.png?resize=24%2C24\" alt=\"\" width=\"24\" height=\"24\" \/> <a href=\"http:\/\/fulgenciolison.com\/wp-content\/uploads\/2017\/09\/Three-little-bats-EN.pdf\"><em><strong>DOWNLOAD<\/strong><\/em><\/a><\/th>\n<th><img data-recalc-dims=\"1\" loading=\"lazy\" decoding=\"async\" data-attachment-id=\"380\" data-permalink=\"https:\/\/fulgenciolison.com\/index.php\/publicaciones\/ebooks\/catalonia\/\" data-orig-file=\"https:\/\/i0.wp.com\/fulgenciolison.com\/wp-content\/uploads\/2017\/09\/Catalonia.png?fit=24%2C24&amp;ssl=1\" data-orig-size=\"24,24\" data-comments-opened=\"1\" data-image-meta=\"{&quot;aperture&quot;:&quot;0&quot;,&quot;credit&quot;:&quot;&quot;,&quot;camera&quot;:&quot;&quot;,&quot;caption&quot;:&quot;&quot;,&quot;created_timestamp&quot;:&quot;0&quot;,&quot;copyright&quot;:&quot;&quot;,&quot;focal_length&quot;:&quot;0&quot;,&quot;iso&quot;:&quot;0&quot;,&quot;shutter_speed&quot;:&quot;0&quot;,&quot;title&quot;:&quot;&quot;,&quot;orientation&quot;:&quot;0&quot;}\" data-image-title=\"Catalonia\" data-image-description=\"\" data-image-caption=\"\" data-large-file=\"https:\/\/i0.wp.com\/fulgenciolison.com\/wp-content\/uploads\/2017\/09\/Catalonia.png?fit=24%2C24&amp;ssl=1\" class=\"alignnone size-full wp-image-380\" src=\"https:\/\/i0.wp.com\/fulgenciolison.com\/wp-content\/uploads\/2017\/09\/Catalonia.png?resize=24%2C24\" alt=\"\" width=\"24\" height=\"24\" \/> <a href=\"http:\/\/fulgenciolison.com\/wp-content\/uploads\/2017\/09\/Tres-petits-ratpenats-CAT.pdf\"><em><strong>DESCARREGAR<\/strong><\/em><\/a><\/th>\n<\/tr>\n<tr>\n<th><img data-recalc-dims=\"1\" loading=\"lazy\" decoding=\"async\" data-attachment-id=\"306\" data-permalink=\"https:\/\/fulgenciolison.com\/index.php\/publicaciones\/ebooks\/tres-pequenos-murcielagos-ga\/\" data-orig-file=\"https:\/\/i0.wp.com\/fulgenciolison.com\/wp-content\/uploads\/2017\/09\/Tres-Peque%C3%B1os-Murci%C3%A9lagos-ga.jpg?fit=400%2C300&amp;ssl=1\" data-orig-size=\"400,300\" data-comments-opened=\"1\" data-image-meta=\"{&quot;aperture&quot;:&quot;0&quot;,&quot;credit&quot;:&quot;&quot;,&quot;camera&quot;:&quot;&quot;,&quot;caption&quot;:&quot;&quot;,&quot;created_timestamp&quot;:&quot;0&quot;,&quot;copyright&quot;:&quot;&quot;,&quot;focal_length&quot;:&quot;0&quot;,&quot;iso&quot;:&quot;0&quot;,&quot;shutter_speed&quot;:&quot;0&quot;,&quot;title&quot;:&quot;&quot;,&quot;orientation&quot;:&quot;0&quot;}\" data-image-title=\"Tres-Peque\u00f1os-Murci\u00e9lagos-ga\" data-image-description=\"\" data-image-caption=\"\" data-large-file=\"https:\/\/i0.wp.com\/fulgenciolison.com\/wp-content\/uploads\/2017\/09\/Tres-Peque%C3%B1os-Murci%C3%A9lagos-ga.jpg?fit=400%2C300&amp;ssl=1\" class=\"alignnone size-medium wp-image-306\" src=\"https:\/\/i0.wp.com\/fulgenciolison.com\/wp-content\/uploads\/2017\/09\/Tres-Peque%C3%B1os-Murci%C3%A9lagos-ga-300x225.jpg?resize=300%2C225\" alt=\"\" width=\"300\" height=\"225\" srcset=\"https:\/\/i0.wp.com\/fulgenciolison.com\/wp-content\/uploads\/2017\/09\/Tres-Peque%C3%B1os-Murci%C3%A9lagos-ga.jpg?resize=300%2C225&amp;ssl=1 300w, https:\/\/i0.wp.com\/fulgenciolison.com\/wp-content\/uploads\/2017\/09\/Tres-Peque%C3%B1os-Murci%C3%A9lagos-ga.jpg?w=400&amp;ssl=1 400w\" sizes=\"(max-width: 300px) 100vw, 300px\" \/><\/th>\n<th><img data-recalc-dims=\"1\" loading=\"lazy\" decoding=\"async\" data-attachment-id=\"421\" data-permalink=\"https:\/\/fulgenciolison.com\/index.php\/publicaciones\/ebooks\/tres-pequenos-murcielagos-fr-3\/\" data-orig-file=\"https:\/\/i0.wp.com\/fulgenciolison.com\/wp-content\/uploads\/2017\/09\/Tres-Peque%C3%B1os-Murci%C3%A9lagos-fr-3.jpg?fit=1829%2C1372&amp;ssl=1\" data-orig-size=\"1829,1372\" data-comments-opened=\"1\" data-image-meta=\"{&quot;aperture&quot;:&quot;0&quot;,&quot;credit&quot;:&quot;&quot;,&quot;camera&quot;:&quot;&quot;,&quot;caption&quot;:&quot;&quot;,&quot;created_timestamp&quot;:&quot;0&quot;,&quot;copyright&quot;:&quot;&quot;,&quot;focal_length&quot;:&quot;0&quot;,&quot;iso&quot;:&quot;0&quot;,&quot;shutter_speed&quot;:&quot;0&quot;,&quot;title&quot;:&quot;&quot;,&quot;orientation&quot;:&quot;0&quot;}\" data-image-title=\"Tres-Peque\u00f1os-Murci\u00e9lagos-fr (3)\" data-image-description=\"\" data-image-caption=\"\" data-large-file=\"https:\/\/i0.wp.com\/fulgenciolison.com\/wp-content\/uploads\/2017\/09\/Tres-Peque%C3%B1os-Murci%C3%A9lagos-fr-3.jpg?fit=640%2C480&amp;ssl=1\" class=\"alignnone size-medium wp-image-421\" src=\"https:\/\/i0.wp.com\/fulgenciolison.com\/wp-content\/uploads\/2017\/09\/Tres-Peque%C3%B1os-Murci%C3%A9lagos-fr-3-300x225.jpg?resize=300%2C225\" alt=\"\" width=\"300\" height=\"225\" srcset=\"https:\/\/i0.wp.com\/fulgenciolison.com\/wp-content\/uploads\/2017\/09\/Tres-Peque%C3%B1os-Murci%C3%A9lagos-fr-3.jpg?resize=300%2C225&amp;ssl=1 300w, https:\/\/i0.wp.com\/fulgenciolison.com\/wp-content\/uploads\/2017\/09\/Tres-Peque%C3%B1os-Murci%C3%A9lagos-fr-3.jpg?resize=768%2C576&amp;ssl=1 768w, https:\/\/i0.wp.com\/fulgenciolison.com\/wp-content\/uploads\/2017\/09\/Tres-Peque%C3%B1os-Murci%C3%A9lagos-fr-3.jpg?resize=1024%2C768&amp;ssl=1 1024w, https:\/\/i0.wp.com\/fulgenciolison.com\/wp-content\/uploads\/2017\/09\/Tres-Peque%C3%B1os-Murci%C3%A9lagos-fr-3.jpg?w=1829&amp;ssl=1 1829w, https:\/\/i0.wp.com\/fulgenciolison.com\/wp-content\/uploads\/2017\/09\/Tres-Peque%C3%B1os-Murci%C3%A9lagos-fr-3.jpg?w=1280&amp;ssl=1 1280w\" sizes=\"(max-width: 300px) 100vw, 300px\" \/><\/th>\n<\/tr>\n<tr>\n<th><img data-recalc-dims=\"1\" loading=\"lazy\" decoding=\"async\" data-attachment-id=\"381\" data-permalink=\"https:\/\/fulgenciolison.com\/index.php\/publicaciones\/ebooks\/galicia\/\" data-orig-file=\"https:\/\/i0.wp.com\/fulgenciolison.com\/wp-content\/uploads\/2017\/09\/Galicia.png?fit=24%2C24&amp;ssl=1\" data-orig-size=\"24,24\" data-comments-opened=\"1\" data-image-meta=\"{&quot;aperture&quot;:&quot;0&quot;,&quot;credit&quot;:&quot;&quot;,&quot;camera&quot;:&quot;&quot;,&quot;caption&quot;:&quot;&quot;,&quot;created_timestamp&quot;:&quot;0&quot;,&quot;copyright&quot;:&quot;&quot;,&quot;focal_length&quot;:&quot;0&quot;,&quot;iso&quot;:&quot;0&quot;,&quot;shutter_speed&quot;:&quot;0&quot;,&quot;title&quot;:&quot;&quot;,&quot;orientation&quot;:&quot;0&quot;}\" data-image-title=\"Galicia\" data-image-description=\"\" data-image-caption=\"\" data-large-file=\"https:\/\/i0.wp.com\/fulgenciolison.com\/wp-content\/uploads\/2017\/09\/Galicia.png?fit=24%2C24&amp;ssl=1\" class=\"alignnone size-full wp-image-381\" src=\"https:\/\/i0.wp.com\/fulgenciolison.com\/wp-content\/uploads\/2017\/09\/Galicia.png?resize=24%2C24\" alt=\"\" width=\"24\" height=\"24\" \/> <em><strong><a href=\"http:\/\/fulgenciolison.com\/wp-content\/uploads\/2017\/10\/Tres-pequenos-morcegos-GAL.pdf\">DESCARGAR<\/a><\/strong><\/em><\/th>\n<th><img data-recalc-dims=\"1\" loading=\"lazy\" decoding=\"async\" data-attachment-id=\"382\" data-permalink=\"https:\/\/fulgenciolison.com\/index.php\/publicaciones\/ebooks\/france\/\" data-orig-file=\"https:\/\/i0.wp.com\/fulgenciolison.com\/wp-content\/uploads\/2017\/09\/France.png?fit=24%2C24&amp;ssl=1\" data-orig-size=\"24,24\" data-comments-opened=\"1\" data-image-meta=\"{&quot;aperture&quot;:&quot;0&quot;,&quot;credit&quot;:&quot;&quot;,&quot;camera&quot;:&quot;&quot;,&quot;caption&quot;:&quot;&quot;,&quot;created_timestamp&quot;:&quot;0&quot;,&quot;copyright&quot;:&quot;&quot;,&quot;focal_length&quot;:&quot;0&quot;,&quot;iso&quot;:&quot;0&quot;,&quot;shutter_speed&quot;:&quot;0&quot;,&quot;title&quot;:&quot;&quot;,&quot;orientation&quot;:&quot;0&quot;}\" data-image-title=\"France\" data-image-description=\"\" data-image-caption=\"\" data-large-file=\"https:\/\/i0.wp.com\/fulgenciolison.com\/wp-content\/uploads\/2017\/09\/France.png?fit=24%2C24&amp;ssl=1\" class=\"alignnone size-full wp-image-382\" src=\"https:\/\/i0.wp.com\/fulgenciolison.com\/wp-content\/uploads\/2017\/09\/France.png?resize=24%2C24\" alt=\"\" width=\"24\" height=\"24\" \/> <em><strong><a href=\"http:\/\/fulgenciolison.com\/wp-content\/uploads\/2017\/09\/Trois-petites-chauves-souris-FR.pdf\">T\u00c9L\u00c9CHARGER<\/a><\/strong><\/em><\/th>\n<\/tr>\n<\/tbody>\n<\/table>\n","protected":false},"excerpt":{"rendered":"<p>Este proyecto naci\u00f3 hace a\u00f1os, cuando tuve a mi hija, y durante una jornada de divulgaci\u00f3n para los m\u00e1s peque\u00f1os [&hellip;]<\/p>\n","protected":false},"author":1,"featured_media":0,"parent":63,"menu_order":7,"comment_status":"closed","ping_status":"closed","template":"","meta":{"inline_featured_image":false,"footnotes":""},"class_list":["post-129","page","type-page","status-publish","hentry"],"jetpack_sharing_enabled":true,"jetpack_shortlink":"https:\/\/wp.me\/PafGsx-25","jetpack-related-posts":[],"_links":{"self":[{"href":"https:\/\/fulgenciolison.com\/index.php\/wp-json\/wp\/v2\/pages\/129","targetHints":{"allow":["GET"]}}],"collection":[{"href":"https:\/\/fulgenciolison.com\/index.php\/wp-json\/wp\/v2\/pages"}],"about":[{"href":"https:\/\/fulgenciolison.com\/index.php\/wp-json\/wp\/v2\/types\/page"}],"author":[{"embeddable":true,"href":"https:\/\/fulgenciolison.com\/index.php\/wp-json\/wp\/v2\/users\/1"}],"replies":[{"embeddable":true,"href":"https:\/\/fulgenciolison.com\/index.php\/wp-json\/wp\/v2\/comments?post=129"}],"version-history":[{"count":0,"href":"https:\/\/fulgenciolison.com\/index.php\/wp-json\/wp\/v2\/pages\/129\/revisions"}],"up":[{"embeddable":true,"href":"https:\/\/fulgenciolison.com\/index.php\/wp-json\/wp\/v2\/pages\/63"}],"wp:attachment":[{"href":"https:\/\/fulgenciolison.com\/index.php\/wp-json\/wp\/v2\/media?parent=129"}],"curies":[{"name":"wp","href":"https:\/\/api.w.org\/{rel}","templated":true}]}}