{"id":179,"date":"2017-09-16T00:35:13","date_gmt":"2017-09-15T23:35:13","guid":{"rendered":"http:\/\/fulgenciolison.com\/?page_id=179"},"modified":"2026-04-05T13:09:26","modified_gmt":"2026-04-05T12:09:26","slug":"book-chapters","status":"publish","type":"page","link":"https:\/\/fulgenciolison.com\/index.php\/publications\/book-chapters\/","title":{"rendered":"Book Chapters"},"content":{"rendered":"    \n    <div id=\"capitulos-eng-wrapper\">\n        <style>\n            #capitulos-eng-wrapper {\n                max-width: 1200px;\n                margin: 0 auto;\n                padding: 40px 20px;\n                font-family: -apple-system, BlinkMacSystemFont, \"Segoe UI\", Roboto, Arial, sans-serif;\n                color: #333;\n            }\n            \n            \/* Header *\/\n            .capitulos-header {\n                text-align: center;\n                margin-bottom: 40px;\n            }\n            .capitulos-header h2 {\n                font-size: 32px;\n                color: #2c3e50;\n                margin-bottom: 10px;\n            }\n            .capitulos-header p {\n                color: #7f8c8d;\n                font-size: 14px;\n            }\n            \n            \/* Filters *\/\n            .filtros-capitulos {\n                text-align: center;\n                margin-bottom: 30px;\n                padding: 15px;\n                background: #f8f9fa;\n                border-radius: 50px;\n                display: flex;\n                flex-wrap: wrap;\n                justify-content: center;\n                gap: 8px;\n            }\n            .filtro-capitulo {\n                background: #e9ecef;\n                border: none;\n                padding: 8px 20px;\n                border-radius: 25px;\n                cursor: pointer;\n                font-size: 14px;\n                transition: all 0.3s;\n                color: #555;\n            }\n            .filtro-capitulo:hover {\n                background: #3498db;\n                color: white;\n            }\n            .filtro-capitulo.activo {\n                background: #2c3e50;\n                color: white;\n            }\n            \n            \/* Counter *\/\n            .contador-capitulos {\n                text-align: right;\n                color: #6c757d;\n                font-size: 14px;\n                margin-bottom: 20px;\n                padding-bottom: 10px;\n                border-bottom: 1px solid #dee2e6;\n            }\n            \n            \/* Year Badge *\/\n            .year-capitulo-grupo {\n                margin-bottom: 40px;\n            }\n            .year-capitulo-badge {\n                font-size: 24px;\n                font-weight: bold;\n                background: linear-gradient(135deg, #2980b9, #3498db);\n                color: white;\n                display: inline-block;\n                padding: 8px 25px;\n                border-radius: 40px;\n                margin-bottom: 25px;\n            }\n            .year-capitulo-badge.prensa {\n                background: linear-gradient(135deg, #e67e22, #f39c12);\n            }\n            \n            \/* Chapter Card *\/\n            .capitulo-card {\n                background: white;\n                border: 1px solid #e9ecef;\n                border-radius: 12px;\n                margin-bottom: 25px;\n                padding: 20px;\n                transition: all 0.3s;\n                display: flex;\n                flex-wrap: wrap;\n                gap: 20px;\n            }\n            .capitulo-card:hover {\n                transform: translateY(-3px);\n                box-shadow: 0 8px 25px rgba(0,0,0,0.1);\n            }\n            \n            .capitulo-number {\n                font-size: 22px;\n                font-weight: bold;\n                color: #2980b9;\n                min-width: 55px;\n            }\n            \n            .capitulo-content {\n                flex: 1;\n                min-width: 250px;\n            }\n            \n            .capitulo-title {\n                font-size: 16px;\n                font-weight: 600;\n                color: #2c3e50;\n                margin-bottom: 8px;\n                line-height: 1.4;\n            }\n            \n            .capitulo-authors {\n                font-size: 14px;\n                color: #6c757d;\n                margin-bottom: 5px;\n            }\n            \n            .autor-destacado {\n                background: linear-gradient(120deg, #f9f3e3 0%, #f9f3e3 40%, transparent 60%);\n                padding: 0 2px;\n                border-radius: 3px;\n                font-weight: bold;\n                color: #e67e22;\n            }\n            \n            .capitulo-book {\n                font-style: italic;\n                color: #495057;\n                font-size: 14px;\n                margin-bottom: 5px;\n            }\n            \n            .capitulo-editors {\n                font-size: 12px;\n                color: #7f8c8d;\n                margin-bottom: 5px;\n            }\n            \n            .capitulo-publisher {\n                font-size: 13px;\n                color: #3498db;\n                margin-bottom: 5px;\n            }\n            \n            .capitulo-pages {\n                font-size: 12px;\n                color: #7f8c8d;\n                margin-bottom: 5px;\n            }\n            \n            .capitulo-url {\n                margin-top: 8px;\n            }\n            .capitulo-url a {\n                display: inline-flex;\n                align-items: center;\n                gap: 5px;\n                background: #2980b9;\n                color: white;\n                padding: 4px 12px;\n                border-radius: 20px;\n                text-decoration: none;\n                font-size: 12px;\n                transition: all 0.3s;\n            }\n            .capitulo-url a:hover {\n                background: #2c3e50;\n            }\n            \n            .capitulo-metrics {\n                display: flex;\n                gap: 15px;\n                align-items: center;\n                min-width: 150px;\n                flex-wrap: wrap;\n            }\n            .metric-item {\n                text-align: center;\n                min-width: 60px;\n            }\n            .metric-label {\n                font-size: 10px;\n                color: #95a5a6;\n                margin-top: 3px;\n            }\n            \n            @media (max-width: 768px) {\n                .capitulo-card {\n                    flex-direction: column;\n                }\n                .capitulo-number {\n                    text-align: left;\n                }\n                .filtros-capitulos {\n                    border-radius: 20px;\n                }\n            }\n        <\/style>\n        \n        <link rel=\"stylesheet\" href=\"https:\/\/cdnjs.cloudflare.com\/ajax\/libs\/font-awesome\/6.7.2\/css\/all.min.css\">\n        \n        <div class=\"capitulos-header\">\n            <h2><i class=\"fas fa-book-open\"><\/i> Book Chapters<\/h2>\n            <p>Scientific book chapters and contributions<\/p>\n        <\/div>\n        \n        <div class=\"filtros-capitulos\" id=\"filtros-capitulos\"><\/div>\n        <div class=\"contador-capitulos\" id=\"contador-capitulos\"><\/div>\n        <div id=\"capitulos-container\"><\/div>\n        \n        <script>\n        \/\/ BOOK CHAPTERS DATA (ENGLISH VERSION) - REAL DATA + READY FOR NEW ENTRIES\n        const capitulosData = [\n            \/\/ 2016 - In Press (using 2025 as \"In Press\" year, will show with special badge)\n            { \n                year: \"2025\", \n                number: 8, \n                title: \"Los murci\u00e9lagos de Sierra Espu\u00f1a\",\n                title_en: \"The bats of Sierra Espu\u00f1a\",\n                authors: \"Lis\u00f3n, F., Calvo, J.F.\",\n                status: \"in_press\",\n                book: \"Valores naturales de Sierra Espu\u00f1a\",\n                editors: \"\",\n                publisher: \"Comunidad Aut\u00f3noma de la Regi\u00f3n de Murcia\",\n                pages: \"\",\n                url: \"\"\n            },\n            { \n                year: \"2016\", \n                number: 7, \n                title: \"Sierra Espu\u00f1a\",\n                title_en: \"Sierra Espu\u00f1a\",\n                authors: \"Lis\u00f3n, F.\",\n                status: \"published\",\n                book: \"Zonas Importantes para los Mam\u00edferos (ZIM) de Espa\u00f1a\",\n                editors: \"Lozano, J., Fuente, U., Atienza, J.C., Cabezas, S., Aransay, I., Hern\u00e1ez, C., Virg\u00f3s, E.\",\n                publisher: \"Sociedad Espa\u00f1ola para el Estudio y la Conservaci\u00f3n de los Mam\u00edferos (SECEM) - Tundra Ediciones, Madrid\",\n                pages: \"\",\n                url: \"\"\n            },\n            { \n                year: \"2016\", \n                number: 6, \n                title: \"Cabezo Gordo\",\n                title_en: \"Cabezo Gordo\",\n                authors: \"Lis\u00f3n, F.\",\n                status: \"published\",\n                book: \"Zonas Importantes para los Mam\u00edferos (ZIM) de Espa\u00f1a\",\n                editors: \"Lozano, J., Fuente, U., Atienza, J.C., Cabezas, S., Aransay, I., Hern\u00e1ez, C., Virg\u00f3s, E.\",\n                publisher: \"Sociedad Espa\u00f1ola para el Estudio y la Conservaci\u00f3n de los Mam\u00edferos (SECEM) - Tundra Ediciones, Madrid\",\n                pages: \"\",\n                url: \"\"\n            },\n            { \n                year: \"2016\", \n                number: 5, \n                title: \"Cueva de Las Yeseras\",\n                title_en: \"Cueva de Las Yeseras\",\n                authors: \"Lis\u00f3n, F.\",\n                status: \"published\",\n                book: \"Zonas Importantes para los Mam\u00edferos (ZIM) de Espa\u00f1a\",\n                editors: \"Lozano, J., Fuente, U., Atienza, J.C., Cabezas, S., Aransay, I., Hern\u00e1ez, C., Virg\u00f3s, E.\",\n                publisher: \"Sociedad Espa\u00f1ola para el Estudio y la Conservaci\u00f3n de los Mam\u00edferos (SECEM) - Tundra Ediciones, Madrid\",\n                pages: \"\",\n                url: \"\"\n            },\n            { \n                year: \"2016\", \n                number: 4, \n                title: \"Sierras del norte de Murcia\",\n                title_en: \"Sierras del norte de Murcia\",\n                authors: \"Yelo, N.D., Mart\u00ednez, E.J., Lis\u00f3n, F., L\u00f3pez-Espinosa, J.A., Calvo, J.F., Egu\u00eda, S.\",\n                status: \"published\",\n                book: \"Zonas Importantes para los Mam\u00edferos (ZIM) de Espa\u00f1a\",\n                editors: \"Lozano, J., Fuente, U., Atienza, J.C., Cabezas, S., Aransay, I., Hern\u00e1ez, C., Virg\u00f3s, E.\",\n                publisher: \"Sociedad Espa\u00f1ola para el Estudio y la Conservaci\u00f3n de los Mam\u00edferos (SECEM) - Tundra Ediciones, Madrid\",\n                pages: \"\",\n                url: \"\"\n            },\n            \n            \/\/ 2015\n            { \n                year: \"2015\", \n                number: 3, \n                title: \"Murci\u00e9lago hortelano meridional \u2013 Eptesiscus isabellinus\",\n                title_en: \"Meridional serotine bat \u2013 Eptesicus isabellinus\",\n                authors: \"Lis\u00f3n, F.\",\n                status: \"published\",\n                book: \"Enciclopedia Virtual de los Vertebrados Espa\u00f1oles\",\n                editors: \"Salvador, A., Barja, I.\",\n                publisher: \"Museo Nacional de Ciencias Naturales, Madrid\",\n                pages: \"\",\n                url: \"https:\/\/www.researchgate.net\/publication\/273913460_Murcielago_hortelano_meridional_-_Eptesicus_isabellinus\"\n            },\n            \n            \/\/ 2012\n            { \n                year: \"2012\", \n                number: 2, \n                title: \"Murci\u00e9lago de cueva \u2013 Miniopterus schreibersii\",\n                title_en: \"Common bent-wing bat \u2013 Miniopterus schreibersii\",\n                authors: \"Lis\u00f3n, F.\",\n                status: \"published\",\n                book: \"Enciclopedia Virtual de los Vertebrados Espa\u00f1oles\",\n                editors: \"Salvador, A., Cassinello, J.\",\n                publisher: \"Museo Nacional de Ciencias Naturales, Madrid\",\n                pages: \"\",\n                url: \"https:\/\/www.researchgate.net\/publication\/230704482_Murcielago_de_cueva-Miniopterus_schreibersii\"\n            }\n        ];\n        \n        \/\/ Function to highlight author name\n        function destacarAutor(texto) {\n            if (!texto) return texto;\n            let resultado = texto.replace(\/Lis\u00f3n, F\\.\/g, '<span class=\"autor-destacado\">Lis\u00f3n, F.<\/span>');\n            resultado = resultado.replace(\/Lis\u00f3n F\\.\/g, '<span class=\"autor-destacado\">Lis\u00f3n F.<\/span>');\n            resultado = resultado.replace(\/Lis\u00f3n, F\\b\/g, '<span class=\"autor-destacado\">Lis\u00f3n, F<\/span>');\n            return resultado;\n        }\n        \n        \/\/ Render chapters\n        function renderizarCapitulos(filtroYear = 'all') {\n            const container = document.getElementById('capitulos-container');\n            const contadorSpan = document.getElementById('contador-capitulos');\n            \n            if (!container) return;\n            \n            let filtrados = filtroYear === 'all' ? capitulosData : capitulosData.filter(c => c.year === filtroYear);\n            filtrados.sort((a, b) => b.number - a.number);\n            \n            const grouped = {};\n            filtrados.forEach(cap => {\n                if (!grouped[cap.year]) grouped[cap.year] = [];\n                grouped[cap.year].push(cap);\n            });\n            \n            const years = Object.keys(grouped).sort((a, b) => b - a);\n            \n            if (years.length === 0) {\n                container.innerHTML = '<div class=\"loading-text\" style=\"text-align:center;padding:50px;\"><i class=\"fas fa-search\"><\/i><br>No chapters found for this year<\/div>';\n                contadorSpan.innerHTML = '';\n                return;\n            }\n            \n            let html = '';\n            years.forEach(year => {\n                const isInPress = year === '2025';\n                html += `<div class=\"year-capitulo-grupo\">`;\n                html += `<div class=\"year-capitulo-badge ${isInPress ? 'prensa' : ''}\">${isInPress ? '\ud83d\udcc4 ' + year + ' (In Press)' : year}<\/div>`;\n                \n                grouped[year].forEach(cap => {\n                    const autoresDestacados = destacarAutor(cap.authors);\n                    const displayTitle = cap.title_en || cap.title;\n                    const editorsHtml = cap.editors ? `<div class=\"capitulo-editors\"><i class=\"fas fa-users\"><\/i> Editors: ${cap.editors}<\/div>` : '';\n                    \n                    html += `\n                        <div class=\"capitulo-card\">\n                            <div class=\"capitulo-number\">${cap.number}.<\/div>\n                            <div class=\"capitulo-content\">\n                                <div class=\"capitulo-title\"><strong>${cap.number}.<\/strong> ${displayTitle}<\/div>\n                                <div class=\"capitulo-authors\">${autoresDestacados}<\/div>\n                                <div class=\"capitulo-book\"><i class=\"fas fa-book\"><\/i> In: <em>${cap.book}<\/em><\/div>\n                                ${editorsHtml}\n                                <div class=\"capitulo-publisher\"><i class=\"fas fa-building\"><\/i> ${cap.publisher}<\/div>\n                                ${cap.pages ? `<div class=\"capitulo-pages\"><i class=\"fas fa-file-alt\"><\/i> Pages: ${cap.pages}<\/div>` : ''}\n                                ${cap.url ? `<div class=\"capitulo-url\"><a href=\"${cap.url}\" target=\"_blank\" rel=\"noopener noreferrer\"><i class=\"fas fa-external-link-alt\"><\/i> View Chapter<\/a><\/div>` : ''}\n                            <\/div>\n                            <div class=\"capitulo-metrics\">\n                                <div class=\"metric-item\">\n                                    <i class=\"fas fa-chart-simple\" style=\"font-size: 24px; color: #2980b9;\"><\/i>\n                                    <div class=\"metric-label\">Metrics<\/div>\n                                <\/div>\n                            <\/div>\n                        <\/div>\n                    `;\n                });\n                html += `<\/div>`;\n            });\n            \n            container.innerHTML = html;\n            contadorSpan.innerHTML = `<i class=\"fas fa-book-open\"><\/i> Total: ${filtrados.length} chapter${filtrados.length !== 1 ? 's' : ''}`;\n        }\n        \n        function initFiltros() {\n            const years = [...new Set(capitulosData.map(c => c.year))].sort((a, b) => b - a);\n            const container = document.getElementById('filtros-capitulos');\n            if (!container) return;\n            \n            let html = `<button class=\"filtro-capitulo activo\" data-year=\"all\">\ud83d\udcda All (${capitulosData.length})<\/button>`;\n            years.forEach(year => {\n                const count = capitulosData.filter(c => c.year === year).length;\n                const yearLabel = year === '2025' ? `In Press (${count})` : `${year} (${count})`;\n                html += `<button class=\"filtro-capitulo\" data-year=\"${year}\">${yearLabel}<\/button>`;\n            });\n            container.innerHTML = html;\n            \n            document.querySelectorAll('#filtros-capitulos .filtro-capitulo').forEach(btn => {\n                btn.addEventListener('click', function() {\n                    document.querySelectorAll('#filtros-capitulos .filtro-capitulo').forEach(b => b.classList.remove('activo'));\n                    this.classList.add('activo');\n                    const year = this.getAttribute('data-year');\n                    renderizarCapitulos(year);\n                });\n            });\n        }\n        \n        if (document.readyState === 'loading') {\n            document.addEventListener('DOMContentLoaded', function() {\n                initFiltros();\n                renderizarCapitulos('all');\n            });\n        } else {\n            initFiltros();\n            renderizarCapitulos('all');\n        }\n        <\/script>\n    <\/div>\n    \n    \n","protected":false},"excerpt":{"rendered":"","protected":false},"author":1,"featured_media":0,"parent":165,"menu_order":4,"comment_status":"closed","ping_status":"closed","template":"","meta":{"inline_featured_image":false,"footnotes":""},"class_list":["post-179","page","type-page","status-publish","hentry"],"jetpack_sharing_enabled":true,"jetpack_shortlink":"https:\/\/wp.me\/PafGsx-2T","jetpack-related-posts":[],"_links":{"self":[{"href":"https:\/\/fulgenciolison.com\/index.php\/wp-json\/wp\/v2\/pages\/179","targetHints":{"allow":["GET"]}}],"collection":[{"href":"https:\/\/fulgenciolison.com\/index.php\/wp-json\/wp\/v2\/pages"}],"about":[{"href":"https:\/\/fulgenciolison.com\/index.php\/wp-json\/wp\/v2\/types\/page"}],"author":[{"embeddable":true,"href":"https:\/\/fulgenciolison.com\/index.php\/wp-json\/wp\/v2\/users\/1"}],"replies":[{"embeddable":true,"href":"https:\/\/fulgenciolison.com\/index.php\/wp-json\/wp\/v2\/comments?post=179"}],"version-history":[{"count":2,"href":"https:\/\/fulgenciolison.com\/index.php\/wp-json\/wp\/v2\/pages\/179\/revisions"}],"predecessor-version":[{"id":3519,"href":"https:\/\/fulgenciolison.com\/index.php\/wp-json\/wp\/v2\/pages\/179\/revisions\/3519"}],"up":[{"embeddable":true,"href":"https:\/\/fulgenciolison.com\/index.php\/wp-json\/wp\/v2\/pages\/165"}],"wp:attachment":[{"href":"https:\/\/fulgenciolison.com\/index.php\/wp-json\/wp\/v2\/media?parent=179"}],"curies":[{"name":"wp","href":"https:\/\/api.w.org\/{rel}","templated":true}]}}