{"id":184,"date":"2017-09-16T00:43:41","date_gmt":"2017-09-15T23:43:41","guid":{"rendered":"http:\/\/fulgenciolison.com\/?page_id=184"},"modified":"2023-08-12T04:23:29","modified_gmt":"2023-08-12T03:23:29","slug":"congress-presentations","status":"publish","type":"page","link":"https:\/\/fulgenciolison.com\/index.php\/publications\/congress-presentations\/","title":{"rendered":"Congress Presentations"},"content":{"rendered":"<ol class=\"list-inline-collapse item-details\" reversed=\"\">\n<li>Vilches-Pi\u00f1ones, K.I., Matus-Olivares, C., Catal\u00e1n, G.,\u00a0<strong>Lis\u00f3n, F.<\/strong> 2021. Efecto de la configuraci\u00f3n de las \u00e1reas boscosas sobre la comunidad de murci\u00e9lagos insect\u00edvoros y sus implicaciones en la conservaci\u00f3n y control de plagas agr\u00edcolas. 2\u00ba Congreso Chileno de Agroecolog\u00eda, Sociedad Cient\u00edfica de Agroecolog\u00eda, 2-3 septiembre. (Oral Presentation).<\/li>\n<li><strong>Lis\u00f3n, F.<\/strong>, Boso, A., \u00c1lvarez, B., P\u00e9rez, B., Imio, J.C. 2021. Percepci\u00f3n social, agroecolog\u00eda y conservaci\u00f3n de fauna silvestre: Experiencias en Latinoam\u00e9rica con murci\u00e9lagos. 2\u00ba Congreso Chileno de Agroecolog\u00eda, Sociedad Cient\u00edfica de Agroecolog\u00eda, 2-3 septiembre. (Oral Presentation).<\/li>\n<li><strong>Lis\u00f3n, F.<\/strong> 2020. Proyecto BATsignal: Uso de est\u00edmulos ac\u00fasticos para mejorar la actividad de supresi\u00f3n de plagas en cultivos org\u00e1nicos. <a href=\"https:\/\/www.murcielagosyagro.cl\/\">Simposio on-line Murci\u00e9lagos y Agro Chileno<\/a>. 11-28 Mayo. (Oral Presentation).<\/li>\n<li><strong>Lis\u00f3n, F.<\/strong> 2019. Proyecto BATsignal: Estimulaci\u00f3n del control biol\u00f3gico por murci\u00e9lagos insect\u00edvoros en cultivos org\u00e1nicos. I Congreso Internacional de Agroecolog\u00eda, 17-18 Noviembre, Puc\u00f3n, Chile. (Oral Presentation).<\/li>\n<li>Imio, J.C., Boso, A.,\u00a0<strong>Lis\u00f3n, F.\u00a0<\/strong>2019. Innovaci\u00f3n y adaptaci\u00f3n socio-t\u00e9cnica para la transici\u00f3n agr\u00edcola: El caso de &#8220;BATsignal&#8221;. I Congreso Internacional de Agroecolog\u00eda, 17-18 Noviembre, Puc\u00f3n, Chile. (Poster).<\/li>\n<li>Sep\u00falveda, G., Catal\u00e1n, G., Prado, M., Altamirano, A.,\u00a0<strong>Lis\u00f3n, F.<\/strong> 2018. Preferencia de h\u00e1bitat y efecto de la estructura del paisaje a diferentes escalas sobre la actividad de los murci\u00e9lagos insect\u00edvoros (Mammalia: Chiroptera) en la Regi\u00f3n de La Araucania. XXV Reuni\u00f3n Anual de la Sociedad de Ecolog\u00eda de Chile, Valdivia, Chile. (Poster).<\/li>\n<li>Imio, J.C., Boso, A., Altamirano, A.,\u00a0<strong>Lis\u00f3n, F.<\/strong>. 2018. Percepci\u00f3n social de los estudiantes sobre la utilizaci\u00f3n de fauna silvestre para el control biol\u00f3gico de plagas por medio de dispositivos tecnol\u00f3gicos: Caso de estudio en el Centro-Sur de Chile. XXV Reuni\u00f3n Anual de la Sociedad de Ecolog\u00eda de Chile, Valdivia, Chile. (Poster).<\/li>\n<li><strong>Lis\u00f3n, F.<\/strong>, Jim\u00e9nez-Franco, M.V., Altamirano, A., Haz, A., Calvo, J.F., Jones, G. 2018. Ecolog\u00eda y conservaci\u00f3n de murci\u00e9lagos en ambientes \u00e1ridos y semi-\u00e1ridos: Una revisi\u00f3n global. XXV Reuni\u00f3n Anual de la Sociedad de Ecolog\u00eda de Chile, Valdivia, Chile. (Oral Presentation).<\/li>\n<li><strong>Lis\u00f3n, F.<\/strong>, Altamirano, A., Miranda, A., Catalan, G., S\u00e1nchez-Fern\u00e1ndez, D. 2017. Cuando las redes se deshilachan: An\u00e1lisis de los cambios de usos del suelo alrededor de las \u00e1reas protegidas de la Red Natura 2000 y sus implicaciones en las pol\u00edticas medioambientales. XXXVIII Congreso Nacional y XXIII Internacional de Geograf\u00eda, Temuco, Chile. (Oral Presentation).<\/li>\n<li><strong>Lis\u00f3n, F.<\/strong>, Calvo, J.F., Altamirano, A., Haz, \u00c1., Jim\u00e9nez-Franco, M.V. 2017. Ecolog\u00eda y conservaci\u00f3n de murci\u00e9lagos en ambientes \u00e1ridos y semi\u00e1ridos: Una revisi\u00f3n global. II Congreso Latinoamericano y del Caribe de Murci\u00e9lagos, Salvador, El Salvador. (Oral Presentation).<\/li>\n<li>Smeraldo, S., Di Febbraro, M., Bosso, L., Flaquer, C., Guix\u00e9, D.,\u00a0<strong>Lis\u00f3n, F.<\/strong>, Meschede, A., Pruger, J., Puig-Montserrat, X., Russo, D. 2017. Does phenology influence potential distribution of European bats? A cautionary note for the development of species distribution models. XIV European Bat Research Symposium, Donostia, Spain. (Poster).<\/li>\n<li><b>Lis\u00f3n, F.<\/b>, Robledano, F., Velasco, J., Bruno, D., Zapata, V., Calvo, J.F., Mill\u00e1n, A. 2016. Vertebrados de ribera como indicadores de la restauraci\u00f3n del bosque de ribera y la eliminaci\u00f3n de una planta invasora en un r\u00edo mediterr\u00e1neo semi\u00e1rido (R\u00edo Segura, SE Espa\u00f1a): evaluaci\u00f3n previa y respuesta inicial. IUFRO landscape Ecology Latin-American Congress, Temuco, Chile. (Oral Presentation).<\/li>\n<li><b>Lis\u00f3n, F.<\/b>, S\u00e1nchez-Fern\u00e1ndez, D. 2016. Low effectiveness of Natura 2000 network in preventing land-use change in bat hotspots. IUFRO landscape Ecology Latin-American Congress, Temuco, Chile. (Poster).<\/li>\n<li><b>Lis\u00f3n, F.<\/b>, L\u00f3pez-Espinosa, J. A., Calvo, J. F., Jones, G. 2015. Viviendo cerca de la ciudad: La dieta del murci\u00e9lago hortelano meridional E. isabellinus (Temmick, 1840). V Congreso Internacional de la Naturaleza. ANSE, Murcia. (P\u00f3ster).<\/li>\n<li><b>Lis\u00f3n, F.<\/b>, Aroca, B., Esp\u00edn, S., Calvo, J. F., Garc\u00eda-Fern\u00e1ndez, A. J. 2013. Mercurio en t\u00e9jidos de Miniopterus schreibersii (Chiroptera: Miniopteridae) del sureste de la Pen\u00ednsula Ib\u00e9rica. XX Congreso Espa\u00f1ol de Toxicolog\u00eda y IV Iberoamericano. Salamanca (Oral presentation).<\/li>\n<li><b>Lis\u00f3n, F.<\/b>, E. Aledo y J. F. Calvo. 2010. Los murci\u00e9lagos (Chiroptera: Mammalia) de la Regi\u00f3n de Murcia (SE, Espa\u00f1a): Estado, Distribuci\u00f3n y Conservaci\u00f3n. III Jornadas de la SECEMU: M\u00e9todos de seguimiento. La Coru\u00f1a (Poster).<\/li>\n<li><b>Lis\u00f3n, F.<\/b> &amp; Calvo, J.F. 2010. Modelos de nicho ecol\u00f3gico aplicado a la fauna de murci\u00e9lagos de la Regi\u00f3n de Murcia (SE, Espa\u00f1a): implicaciones en la conservaci\u00f3n. III Jornadas de la SECEMU: M\u00e9todos de seguimiento. La Coru\u00f1a (Poster).<\/li>\n<li><b>Lis\u00f3n, F.<\/b>, Yelo, N.D. &amp; Calvo, J.F. 2009. Modelos de distribuci\u00f3n usando datos de solo-presencia: Implicaciones en la conservaci\u00f3n de los quir\u00f3pteros. IV Congreso Internacional de la Naturaleza. CEMACAM. Murcia (Poster).<\/li>\n<li><b>Lis\u00f3n, F.<\/b>, Yelo, N.D. &amp; Aledo, E. 2008. Conservaci\u00f3n y gesti\u00f3n de los quir\u00f3pteros en la Comunidad Aut\u00f3noma de la Regi\u00f3n de Murcia. Actas de las Jornadas para la conservaci\u00f3n y gesti\u00f3n de los quir\u00f3pteros. Consejer\u00eda de Industria, Energ\u00eda y Medio Ambiente. Junta de Extremadura.<\/li>\n<\/ol>\n","protected":false},"excerpt":{"rendered":"<p>Vilches-Pi\u00f1ones, K.I., Matus-Olivares, C., Catal\u00e1n, G.,\u00a0Lis\u00f3n, F. 2021. Efecto de la configuraci\u00f3n de las \u00e1reas boscosas sobre la comunidad de [&hellip;]<\/p>\n","protected":false},"author":1,"featured_media":0,"parent":165,"menu_order":6,"comment_status":"closed","ping_status":"closed","template":"","meta":{"inline_featured_image":false,"footnotes":""},"class_list":["post-184","page","type-page","status-publish","hentry"],"jetpack_sharing_enabled":true,"jetpack_shortlink":"https:\/\/wp.me\/PafGsx-2Y","jetpack-related-posts":[],"_links":{"self":[{"href":"https:\/\/fulgenciolison.com\/index.php\/wp-json\/wp\/v2\/pages\/184","targetHints":{"allow":["GET"]}}],"collection":[{"href":"https:\/\/fulgenciolison.com\/index.php\/wp-json\/wp\/v2\/pages"}],"about":[{"href":"https:\/\/fulgenciolison.com\/index.php\/wp-json\/wp\/v2\/types\/page"}],"author":[{"embeddable":true,"href":"https:\/\/fulgenciolison.com\/index.php\/wp-json\/wp\/v2\/users\/1"}],"replies":[{"embeddable":true,"href":"https:\/\/fulgenciolison.com\/index.php\/wp-json\/wp\/v2\/comments?post=184"}],"version-history":[{"count":0,"href":"https:\/\/fulgenciolison.com\/index.php\/wp-json\/wp\/v2\/pages\/184\/revisions"}],"up":[{"embeddable":true,"href":"https:\/\/fulgenciolison.com\/index.php\/wp-json\/wp\/v2\/pages\/165"}],"wp:attachment":[{"href":"https:\/\/fulgenciolison.com\/index.php\/wp-json\/wp\/v2\/media?parent=184"}],"curies":[{"name":"wp","href":"https:\/\/api.w.org\/{rel}","templated":true}]}}