{"id":96,"date":"2017-09-11T18:40:37","date_gmt":"2017-09-11T18:40:37","guid":{"rendered":"http:\/\/fulgenciolison.com\/?page_id=96"},"modified":"2026-04-05T12:38:42","modified_gmt":"2026-04-05T11:38:42","slug":"articulos-en-otras-revistas-peer-reviewed","status":"publish","type":"page","link":"https:\/\/fulgenciolison.com\/index.php\/publicaciones\/articulos-en-otras-revistas-peer-reviewed\/","title":{"rendered":"Art\u00edculos en otras revistas con revisores"},"content":{"rendered":"    \n    <div id=\"revistas-esp-wrapper\">\n        <style>\n            #revistas-esp-wrapper {\n                max-width: 1200px;\n                margin: 0 auto;\n                padding: 40px 20px;\n                font-family: -apple-system, BlinkMacSystemFont, \"Segoe UI\", Roboto, Arial, sans-serif;\n                color: #333;\n            }\n            \n            \/* Header *\/\n            .revistas-header {\n                text-align: center;\n                margin-bottom: 40px;\n            }\n            .revistas-header h2 {\n                font-size: 32px;\n                color: #2c3e50;\n                margin-bottom: 10px;\n            }\n            .revistas-header p {\n                color: #7f8c8d;\n                font-size: 14px;\n            }\n            \n            \/* Filtros *\/\n            .filtros-revistas {\n                text-align: center;\n                margin-bottom: 30px;\n                padding: 15px;\n                background: #f8f9fa;\n                border-radius: 50px;\n                display: flex;\n                flex-wrap: wrap;\n                justify-content: center;\n                gap: 8px;\n            }\n            .filtro-revista {\n                background: #e9ecef;\n                border: none;\n                padding: 8px 20px;\n                border-radius: 25px;\n                cursor: pointer;\n                font-size: 14px;\n                transition: all 0.3s;\n                color: #555;\n            }\n            .filtro-revista:hover {\n                background: #3498db;\n                color: white;\n            }\n            .filtro-revista.activo {\n                background: #2c3e50;\n                color: white;\n            }\n            \n            \/* Contador *\/\n            .contador-revistas {\n                text-align: right;\n                color: #6c757d;\n                font-size: 14px;\n                margin-bottom: 20px;\n                padding-bottom: 10px;\n                border-bottom: 1px solid #dee2e6;\n            }\n            \n            \/* Year Badge *\/\n            .year-revista-grupo {\n                margin-bottom: 40px;\n            }\n            .year-revista-badge {\n                font-size: 24px;\n                font-weight: bold;\n                background: linear-gradient(135deg, #8e44ad, #3498db);\n                color: white;\n                display: inline-block;\n                padding: 8px 25px;\n                border-radius: 40px;\n                margin-bottom: 25px;\n            }\n            \n            \/* Article Card *\/\n            .articulo-revista-card {\n                background: white;\n                border: 1px solid #e9ecef;\n                border-radius: 12px;\n                margin-bottom: 25px;\n                padding: 20px;\n                transition: all 0.3s;\n                display: flex;\n                flex-wrap: wrap;\n                gap: 20px;\n            }\n            .articulo-revista-card:hover {\n                transform: translateY(-3px);\n                box-shadow: 0 8px 25px rgba(0,0,0,0.1);\n            }\n            \n            .articulo-number {\n                font-size: 22px;\n                font-weight: bold;\n                color: #8e44ad;\n                min-width: 55px;\n            }\n            \n            .articulo-content {\n                flex: 1;\n                min-width: 250px;\n            }\n            \n            .articulo-title {\n                font-size: 16px;\n                font-weight: 600;\n                color: #2c3e50;\n                margin-bottom: 8px;\n                line-height: 1.4;\n            }\n            \n            .articulo-authors {\n                font-size: 14px;\n                color: #6c757d;\n                margin-bottom: 5px;\n            }\n            \n            .autor-destacado {\n                background: linear-gradient(120deg, #f9f3e3 0%, #f9f3e3 40%, transparent 60%);\n                padding: 0 2px;\n                border-radius: 3px;\n                font-weight: bold;\n                color: #e67e22;\n            }\n            \n            .articulo-journal {\n                font-style: italic;\n                color: #495057;\n                font-size: 14px;\n                margin-bottom: 8px;\n            }\n            \n            .articulo-doi {\n                font-size: 12px;\n                margin-top: 8px;\n            }\n            .articulo-doi a {\n                color: #3498db;\n                text-decoration: none;\n            }\n            .articulo-doi a:hover {\n                text-decoration: underline;\n            }\n            \n            .articulo-pdf {\n                margin-top: 8px;\n            }\n            .articulo-pdf a {\n                display: inline-flex;\n                align-items: center;\n                gap: 5px;\n                background: #27ae60;\n                color: white;\n                padding: 4px 12px;\n                border-radius: 20px;\n                text-decoration: none;\n                font-size: 12px;\n                transition: all 0.3s;\n            }\n            .articulo-pdf a:hover {\n                background: #2c3e50;\n            }\n            \n            .articulo-cover {\n                width: 100px;\n                text-align: center;\n            }\n            .articulo-cover img {\n                max-width: 100%;\n                max-height: 120px;\n                border-radius: 6px;\n                object-fit: contain;\n            }\n            \n            .articulo-metrics {\n                display: flex;\n                gap: 15px;\n                align-items: center;\n                min-width: 150px;\n                flex-wrap: wrap;\n            }\n            .metric-item {\n                text-align: center;\n                min-width: 60px;\n            }\n            .metric-label {\n                font-size: 10px;\n                color: #95a5a6;\n                margin-top: 3px;\n            }\n            \n            @media (max-width: 768px) {\n                .articulo-revista-card {\n                    flex-direction: column;\n                }\n                .articulo-cover {\n                    order: -1;\n                    width: 100%;\n                }\n                .articulo-number {\n                    text-align: left;\n                }\n                .filtros-revistas {\n                    border-radius: 20px;\n                }\n            }\n        <\/style>\n        \n        <link rel=\"stylesheet\" href=\"https:\/\/cdnjs.cloudflare.com\/ajax\/libs\/font-awesome\/6.7.2\/css\/all.min.css\">\n        \n        <div class=\"revistas-header\">\n            <h2><i class=\"fas fa-book-open\"><\/i> Art\u00edculos en Revistas Nacionales<\/h2>\n            <p>Revistas no indexadas en WOS \/ National journals not indexed in WOS<\/p>\n        <\/div>\n        \n        <div class=\"filtros-revistas\" id=\"filtros-revistas\"><\/div>\n        <div class=\"contador-revistas\" id=\"contador-revistas\"><\/div>\n        <div id=\"revistas-container\"><\/div>\n        \n        <script>\n        \/\/ DATOS DE ART\u00cdCULOS EN REVISTAS NO WOS\n        const articulosData = [\n            \/\/ 2015\n            { year: \"2015\", number: 7, title: \"Los murci\u00e9lagos (Mammalia: Chiroptera) del t\u00e9rmino municipal de Yecla (Regi\u00f3n de Murcia, SE Espa\u00f1a): distribuci\u00f3n y estado de conservaci\u00f3n\", authors: \"Marco, O., Casta\u00f1o, J., Carpena, F. J., Ortu\u00f1o, A., Rico, F., S\u00e1nchez, I., Lis\u00f3n, F.\", journal: \"Anales de Biolog\u00eda\", volume: \"37\", pages: \"133-141\", doi: \"10.6018\/analesbio.37.15\", pdf: \"https:\/\/www.researchgate.net\/publication\/284156642_Los_murcielagos_Mammalia_Chiroptera_del_termino_municipal_de_Yecla_Region_de_Murcia_SE_Espana_distribucion_y_estado_de_conservacion\", cover: \"https:\/\/fulgenciolison.com\/wp-content\/uploads\/2017\/09\/cover_issue_10081_es_ES.jpg\" },\n            \n            \/\/ 2013\n            { year: \"2013\", number: 6, title: \"Fauna quiropterol\u00f3gica del t\u00e9rmino municipal de Villalgordo del J\u00facar y sus alrededores (Castilla-La Mancha)\", authors: \"Picazo, F., Lis\u00f3n, F.\", journal: \"Anales de Biolog\u00eda\", volume: \"35\", pages: \"1-8\", doi: \"10.6018\/analesbio.0.35.1\", pdf: \"https:\/\/www.researchgate.net\/publication\/235352566_Fauna_quiropterologica_del_termino_municipal_de_Villalgordo_del_Jucar_y_sus_alrededores_Castilla-La_Mancha\", cover: \"https:\/\/fulgenciolison.com\/wp-content\/uploads\/2017\/09\/cover_issue_10081_es_ES.jpg\" },\n            \n            \/\/ 2012\n            { year: \"2012\", number: 5, title: \"Datos biom\u00e9tricos de cinco especies de murci\u00e9lagos (Mammalia: Chiroptera) de la Regi\u00f3n de Murcia (SE Espa\u00f1a)\", authors: \"Lis\u00f3n, F.\", journal: \"Anales de Biolog\u00eda\", volume: \"34\", pages: \"37-42\", doi: \"10.6018\/analesbio.0.34.6\", pdf: \"https:\/\/www.researchgate.net\/publication\/235226917_Datos_biometricos_de_cinco_especies_de_murcielago_Mammalia_Chiroptera_de_la_Region_de_Murcia_SE_Espana\", cover: \"https:\/\/fulgenciolison.com\/wp-content\/uploads\/2017\/09\/cover_issue_10081_es_ES.jpg\" },\n            { year: \"2012\", number: 4, title: \"Primera cita del murci\u00e9lago ratonero patudo Myotis capaccinii (Bonaparte, 1839) en el Parque Natural Lagunas de Ruidera (Castilla-La Mancha)\", authors: \"Lis\u00f3n, F., Picazo, J., L\u00f3pez, M.\", journal: \"Galemys, Spanish Journal of Mammalogy\", volume: \"24\", pages: \"65-66\", doi: \"10.7325\/Galemys.2012.N01\", pdf: \"https:\/\/www.researchgate.net\/publication\/235351784_Primera_cita_del_murcielago_ratonero_patudo_Myotis_capaccinii_Bonaparte_1837_en_el_Parque_Natural_Lagunas_de_Ruidera_Castilla-La_Mancha\", cover: \"https:\/\/fulgenciolison.com\/wp-content\/uploads\/2017\/09\/nueva-portada-galemys-24.jpeg\" },\n            \n            \/\/ 2011\n            { year: \"2011\", number: 3, title: \"Los murci\u00e9lagos (Mammalia: Chiroptera) de la Regi\u00f3n de Murcia (SE Espa\u00f1a): distribuci\u00f3n y estado de conservaci\u00f3n\", authors: \"Lis\u00f3n, F., Aledo, E., Calvo, J.F.\", journal: \"Anales de Biolog\u00eda\", volume: \"33\", pages: \"79-92\", doi: \"\", pdf: \"https:\/\/www.researchgate.net\/publication\/230704467_Los_murcielagos_Mammalia_Chiroptera_de_la_Region_de_Murcia_SE_Espana_distribucion_y_estado_de_conservacion\", cover: \"https:\/\/fulgenciolison.com\/wp-content\/uploads\/2017\/09\/cover_issue_10081_es_ES.jpg\" },\n            \n            \/\/ 2010\n            { year: \"2010\", number: 2, title: \"Contribuci\u00f3n al conocimiento de la distribuci\u00f3n de la fauna quir\u00f3pterol\u00f3gica de la Regi\u00f3n de Murcia\", authors: \"Lis\u00f3n, F., Yelo, N.D., Haz, \u00c1., Calvo, J.F.\", journal: \"Galemys, Spanish Journal of Mammalogy\", volume: \"22\", issue: \"1\", pages: \"11-28\", doi: \"\", pdf: \"https:\/\/www.researchgate.net\/publication\/230704457_Contribucion_al_conocimiento_de_la_distribucion_de_la_fauna_quiropterologica_de_la_Region_de_Murcia\", cover: \"https:\/\/fulgenciolison.com\/wp-content\/uploads\/2017\/09\/nueva-portada-galemys-24.jpeg\" },\n            \n            \/\/ 2005\n            { year: \"2005\", number: 1, title: \"Primeros datos sobre el Murci\u00e9lago de Nathusius Pipistrellus nathusii (Keyserling y Blasius, 1839) en la Regi\u00f3n de Murcia\", authors: \"Lis\u00f3n, F., Yelo, N.D., Balsalobre, M., Calvo, J.F.\", journal: \"Galemys, Spanish Journal of Mammalogy\", volume: \"17\", pages: \"47-52\", doi: \"\", pdf: \"https:\/\/www.researchgate.net\/publication\/224771848_Lison_F_Yelo_N_D_Balsalobre_M_Calvo_J_F_Primeros_datos_sobre_el_murcielago_de_Nathusius_Pipistrellus_nathusii_Keyserling_y_Blasius_1839_en_la_Region_de_Murcia\", cover: \"https:\/\/fulgenciolison.com\/wp-content\/uploads\/2017\/09\/nueva-portada-galemys-24.jpeg\" }\n        ];\n        \n        \/\/ Funci\u00f3n para destacar el nombre del autor\n        function destacarAutor(texto) {\n            if (!texto) return texto;\n            let resultado = texto.replace(\/Lis\u00f3n, F\\.\/g, '<span class=\"autor-destacado\">Lis\u00f3n, F.<\/span>');\n            resultado = resultado.replace(\/Lis\u00f3n F\\.\/g, '<span class=\"autor-destacado\">Lis\u00f3n F.<\/span>');\n            resultado = resultado.replace(\/Lis\u00f3n, F\\b\/g, '<span class=\"autor-destacado\">Lis\u00f3n, F<\/span>');\n            return resultado;\n        }\n        \n        \/\/ Renderizar art\u00edculos\n        function renderizarArticulos(filtroYear = 'all') {\n            const container = document.getElementById('revistas-container');\n            const contadorSpan = document.getElementById('contador-revistas');\n            \n            if (!container) return;\n            \n            let filtrados = filtroYear === 'all' ? articulosData : articulosData.filter(a => a.year === filtroYear);\n            filtrados.sort((a, b) => b.number - a.number);\n            \n            const grouped = {};\n            filtrados.forEach(art => {\n                if (!grouped[art.year]) grouped[art.year] = [];\n                grouped[art.year].push(art);\n            });\n            \n            const years = Object.keys(grouped).sort((a, b) => b - a);\n            \n            if (years.length === 0) {\n                container.innerHTML = '<div class=\"loading-text\" style=\"text-align:center;padding:50px;\"><i class=\"fas fa-search\"><\/i><br>No hay art\u00edculos para este a\u00f1o<\/div>';\n                contadorSpan.innerHTML = '';\n                return;\n            }\n            \n            let html = '';\n            years.forEach(year => {\n                html += `<div class=\"year-revista-grupo\">`;\n                html += `<div class=\"year-revista-badge\">${year}<\/div>`;\n                \n                grouped[year].forEach(art => {\n                    const autoresDestacados = destacarAutor(art.authors);\n                    const doiHtml = art.doi ? `<div class=\"articulo-doi\"><i class=\"fas fa-link\"><\/i> DOI: <a href=\"https:\/\/doi.org\/${art.doi}\" target=\"_blank\" rel=\"noopener noreferrer\">${art.doi}<\/a><\/div>` : '';\n                    \n                    html += `\n                        <div class=\"articulo-revista-card\">\n                            <div class=\"articulo-number\">${art.number}.<\/div>\n                            <div class=\"articulo-content\">\n                                <div class=\"articulo-title\"><strong>${art.number}.<\/strong> ${art.title}<\/div>\n                                <div class=\"articulo-authors\">${autoresDestacados}<\/div>\n                                <div class=\"articulo-journal\"><em>${art.journal}<\/em>${art.volume ? ', ' + art.volume : ''}${art.pages ? ': ' + art.pages : ''}<\/div>\n                                ${doiHtml}\n                                ${art.pdf ? `<div class=\"articulo-pdf\"><a href=\"${art.pdf}\" target=\"_blank\" rel=\"noopener noreferrer\"><i class=\"fas fa-file-pdf\"><\/i> Ver PDF<\/a><\/div>` : ''}\n                            <\/div>\n                            ${art.cover ? `<div class=\"articulo-cover\"><img decoding=\"async\" src=\"${art.cover}\" alt=\"Cover\" loading=\"lazy\" onerror=\"this.style.display='none'\"><\/div>` : ''}\n                            <div class=\"articulo-metrics\">\n                                ${art.doi ? `\n                                <div class=\"metric-item\">\n                                    <div class=\"altmetric-embed\" data-badge-type=\"donut\" data-condensed=\"true\" data-badge-details=\"right\" data-doi=\"${art.doi}\"><\/div>\n                                    <div class=\"metric-label\">Altmetric<\/div>\n                                <\/div>\n                                ` : ''}\n                                <div class=\"metric-item\">\n                                    <i class=\"fas fa-chart-simple\" style=\"font-size: 24px; color: #3498db;\"><\/i>\n                                    <div class=\"metric-label\">M\u00e9trica<\/div>\n                                <\/div>\n                            <\/div>\n                        <\/div>\n                    `;\n                });\n                html += `<\/div>`;\n            });\n            \n            container.innerHTML = html;\n            contadorSpan.innerHTML = `<i class=\"fas fa-file-alt\"><\/i> Total: ${filtrados.length} art\u00edculo${filtrados.length !== 1 ? 's' : ''}`;\n            \n            \/\/ Inicializar Altmetric\n            if (window.Altmetric) {\n                window.Altmetric.init();\n            }\n        }\n        \n        function initFiltros() {\n            const years = [...new Set(articulosData.map(a => a.year))].sort((a, b) => b - a);\n            const container = document.getElementById('filtros-revistas');\n            if (!container) return;\n            \n            let html = `<button class=\"filtro-revista activo\" data-year=\"all\">\ud83d\udcda Todos (${articulosData.length})<\/button>`;\n            years.forEach(year => {\n                const count = articulosData.filter(a => a.year === year).length;\n                html += `<button class=\"filtro-revista\" data-year=\"${year}\">${year} (${count})<\/button>`;\n            });\n            container.innerHTML = html;\n            \n            document.querySelectorAll('#filtros-revistas .filtro-revista').forEach(btn => {\n                btn.addEventListener('click', function() {\n                    document.querySelectorAll('#filtros-revistas .filtro-revista').forEach(b => b.classList.remove('activo'));\n                    this.classList.add('activo');\n                    const year = this.getAttribute('data-year');\n                    renderizarArticulos(year);\n                });\n            });\n        }\n        \n        if (document.readyState === 'loading') {\n            document.addEventListener('DOMContentLoaded', function() {\n                initFiltros();\n                renderizarArticulos('all');\n            });\n        } else {\n            initFiltros();\n            renderizarArticulos('all');\n        }\n        <\/script>\n        \n        <!-- Altmetric Script -->\n        <script type=\"text\/javascript\" src=\"https:\/\/d1bxh8uas1mnw7.cloudfront.net\/assets\/embed.js\"><\/script>\n    <\/div>\n    \n    \n","protected":false},"excerpt":{"rendered":"","protected":false},"author":1,"featured_media":0,"parent":63,"menu_order":2,"comment_status":"closed","ping_status":"closed","template":"","meta":{"inline_featured_image":false,"footnotes":""},"class_list":["post-96","page","type-page","status-publish","hentry"],"jetpack_sharing_enabled":true,"jetpack_shortlink":"https:\/\/wp.me\/PafGsx-1y","jetpack-related-posts":[],"_links":{"self":[{"href":"https:\/\/fulgenciolison.com\/index.php\/wp-json\/wp\/v2\/pages\/96","targetHints":{"allow":["GET"]}}],"collection":[{"href":"https:\/\/fulgenciolison.com\/index.php\/wp-json\/wp\/v2\/pages"}],"about":[{"href":"https:\/\/fulgenciolison.com\/index.php\/wp-json\/wp\/v2\/types\/page"}],"author":[{"embeddable":true,"href":"https:\/\/fulgenciolison.com\/index.php\/wp-json\/wp\/v2\/users\/1"}],"replies":[{"embeddable":true,"href":"https:\/\/fulgenciolison.com\/index.php\/wp-json\/wp\/v2\/comments?post=96"}],"version-history":[{"count":3,"href":"https:\/\/fulgenciolison.com\/index.php\/wp-json\/wp\/v2\/pages\/96\/revisions"}],"predecessor-version":[{"id":3511,"href":"https:\/\/fulgenciolison.com\/index.php\/wp-json\/wp\/v2\/pages\/96\/revisions\/3511"}],"up":[{"embeddable":true,"href":"https:\/\/fulgenciolison.com\/index.php\/wp-json\/wp\/v2\/pages\/63"}],"wp:attachment":[{"href":"https:\/\/fulgenciolison.com\/index.php\/wp-json\/wp\/v2\/media?parent=96"}],"curies":[{"name":"wp","href":"https:\/\/api.w.org\/{rel}","templated":true}]}}